{"id":33,"date":"2015-07-08T19:08:24","date_gmt":"2015-07-08T19:08:24","guid":{"rendered":"http:\/\/themes.wplook.com\/charitylife\/?page_id=11"},"modified":"2023-08-23T13:44:39","modified_gmt":"2023-08-23T20:44:39","slug":"contact","status":"publish","type":"page","link":"https:\/\/www.autismla.org\/1\/contact\/","title":{"rendered":"Contact"},"content":{"rendered":"<p class=\"lead\">Autism Society of Los Angeles<br \/>Pacific Center<br \/>21250 Hawthorne Blvd Suite 500<br \/>Torrance, CA 90503<br \/>Phone: <a href=\"tel:Phone\/Fax (424) 299-1531\">(424) 299-1531<\/a><br \/><a href=\"mailto:info@autismla.org\" target=\"_blank\" rel=\"noopener noreferrer\">info@autismla.org<\/a><br \/>EIN 300243440<\/p>\n<div class=\"kvgmc6g5 cxmmr5t8 oygrvhab hcukyx3x c1et5uql ii04i59q\">\n<div dir=\"auto\">NEED ADDITIONAL SUPPORT ? \u00a0Contact us:<\/div>\n<div dir=\"auto\"><a class=\"oajrlxb2 g5ia77u1 qu0x051f esr5mh6w e9989ue4 r7d6kgcz rq0escxv nhd2j8a9 nc684nl6 p7hjln8o kvgmc6g5 cxmmr5t8 oygrvhab hcukyx3x jb3vyjys rz4wbd8a qt6c0cv9 a8nywdso i1ao9s8h esuyzwwr f1sip0of lzcic4wl py34i1dx gpro0wi8\" tabindex=\"0\" role=\"link\" href=\"https:\/\/tinyurl.com\/3tmtmjye\" target=\"_blank\" rel=\"nofollow noopener noreferrer\">ASLAsupport<\/a> or call us at 424-299-1531 or email info@autismla.org<\/div>\n<div dir=\"auto\">\u00a0<\/div>\n<\/div>\n<div class=\"o9v6fnle cxmmr5t8 oygrvhab hcukyx3x c1et5uql ii04i59q\">\n<div dir=\"auto\">\u00bfNECESITA APOYO ADICIONAL ? \u00a0Cont\u00e1ctenos en <a href=\"https:\/\/tinyurl.com\/3tmtmjye\">ASLAsupport <\/a>o ll\u00e1menos en 424-299-1531 o mande un correo electr\u00f3nico a info@autismla.org<\/div>\n<\/div>\n<p><!-- \/.lead --><\/p>\n\n\n<p><\/p>\n","protected":false},"excerpt":{"rendered":"<p>Autism Society of Los AngelesPacific Center21250 Hawthorne Blvd Suite 500Torrance, CA 90503Phone: (424) 299-1531info@autismla.orgEIN 300243440 NEED ADDITIONAL SUPPORT ? \u00a0Contact us: ASLAsupport or call us at 424-299-1531 or email info@autismla.org \u00a0 \u00bfNECESITA APOYO ADICIONAL ? \u00a0Cont\u00e1ctenos en ASLAsupport o ll\u00e1menos en 424-299-1531 o mande un correo electr\u00f3nico a info@autismla.org<\/p>\n","protected":false},"author":1,"featured_media":0,"parent":0,"menu_order":0,"comment_status":"closed","ping_status":"closed","template":"template-contact.php","meta":{"footnotes":""},"class_list":["post-33","page","type-page","status-publish","hentry"],"_links":{"self":[{"href":"https:\/\/www.autismla.org\/1\/wp-json\/wp\/v2\/pages\/33","targetHints":{"allow":["GET"]}}],"collection":[{"href":"https:\/\/www.autismla.org\/1\/wp-json\/wp\/v2\/pages"}],"about":[{"href":"https:\/\/www.autismla.org\/1\/wp-json\/wp\/v2\/types\/page"}],"author":[{"embeddable":true,"href":"https:\/\/www.autismla.org\/1\/wp-json\/wp\/v2\/users\/1"}],"replies":[{"embeddable":true,"href":"https:\/\/www.autismla.org\/1\/wp-json\/wp\/v2\/comments?post=33"}],"version-history":[{"count":9,"href":"https:\/\/www.autismla.org\/1\/wp-json\/wp\/v2\/pages\/33\/revisions"}],"predecessor-version":[{"id":1912,"href":"https:\/\/www.autismla.org\/1\/wp-json\/wp\/v2\/pages\/33\/revisions\/1912"}],"wp:attachment":[{"href":"https:\/\/www.autismla.org\/1\/wp-json\/wp\/v2\/media?parent=33"}],"curies":[{"name":"wp","href":"https:\/\/api.w.org\/{rel}","templated":true}]}}